{"id":2032,"date":"2026-03-23T17:01:25","date_gmt":"2026-03-23T17:01:25","guid":{"rendered":"https:\/\/azulejo-studio.com\/?post_type=product&#038;p=2032"},"modified":"2026-03-25T01:55:06","modified_gmt":"2026-03-25T01:55:06","slug":"strata-043","status":"publish","type":"product","link":"https:\/\/azulejo-studio.com\/fr\/produit\/strata-043\/","title":{"rendered":"STRATA 043"},"content":{"rendered":"","protected":false},"excerpt":{"rendered":"<p style=\"text-align: justify;\"><span style=\"font-weight: 400;\"><span style=\"font-weight: 400; color: #333333;\"><span style=\"color: #333333;\">Available upon request<\/span><\/span><\/span><\/p>\n<p><span style=\"font-weight: 400;\">Strata 043 is rooted in a pursuit of purity, where the material presents itself without artifice. White asserts itself with clarity, revealing a form that feels intact, almost original. A defined presence that shapes the space with calm and precision.<\/span><\/p>\n<p style=\"text-align: justify;\"><b>DIMENSIONS:<\/b><span style=\"font-weight: 400;\"> 10 x 10 inches<\/span><span style=\"font-weight: 400;\"><br \/>\n<\/span><b>MATERIAL:<\/b><span style=\"font-weight: 400;\"> Mixed media on canvas<\/span><span style=\"font-weight: 400;\"><br \/>\n<\/span><b>SHADE:<\/b><span style=\"font-weight: 400;\"> Mineral white<\/span><\/p>\n<p style=\"text-align: justify;\"><span style=\"font-weight: 400;\">For any request for a custom piece inspired by this shade or relief, please contact us.<\/span><span style=\"font-weight: 400;\"><br \/>\n<\/span><span style=\"font-weight: 400;\">Each Azulejo creation is one of a kind, handcrafted with care and intention.<\/span><\/p>\n<p><span style=\"color: #333333;\"><strong>SEND REQUEST<\/strong><\/span><\/p>\n<style id=\"wpforms-css-vars-1537\">\n\t\t\t\t#wpforms-1537 {\n\t\t\t\t--wpforms-field-border-style: none;\n--wpforms-field-border-radius: 0px;\n--wpforms-field-border-color: #cccccc;\n--wpforms-field-border-color-spare: #cccccc;\n--wpforms-field-text-color: #444444;\n--wpforms-label-color: #262626;\n--wpforms-label-sublabel-color: #7f7f7f;\n--wpforms-label-error-color: #ff0000;\n--wpforms-button-border-style: solid;\n--wpforms-button-border-radius: 0px;\n--wpforms-button-background-color: #ffffff;\n--wpforms-button-border-color: #ffffff;\n--wpforms-button-text-color: #666666;\n--wpforms-page-break-color: #dddddd;\n--wpforms-field-border-size: 0px;\n--wpforms-field-size-input-height: 31px;\n--wpforms-field-size-input-spacing: 10px;\n--wpforms-field-size-font-size: 14px;\n--wpforms-field-size-line-height: 17px;\n--wpforms-field-size-padding-h: 9px;\n--wpforms-field-size-checkbox-size: 14px;\n--wpforms-field-size-sublabel-spacing: 5px;\n--wpforms-field-size-icon-size: 0.75;\n--wpforms-label-size-font-size: 14px;\n--wpforms-label-size-line-height: 17px;\n--wpforms-label-size-sublabel-font-size: 13px;\n--wpforms-label-size-sublabel-line-height: 16px;\n--wpforms-button-size-font-size: 14px;\n--wpforms-button-size-height: 37px;\n--wpforms-button-size-padding-h: 15px;\n--wpforms-button-size-margin-top: 5px;\n--wpforms-container-shadow-size-box-shadow: none;\n\t\t\t}\n\t\t\t<\/style>\n<div class=\"wpforms-container wpforms-container-full wpforms-render-modern\" id=\"wpforms-1537\">\n<form id=\"wpforms-form-1537\" class=\"wpforms-validate wpforms-form wpforms-ajax-form\" data-formid=\"1537\" method=\"post\" enctype=\"multipart\/form-data\" action=\"\/fr\/wp-json\/wp\/v2\/product\/2032\" data-token=\"d66e27b22b93a6b939ca3170c88e5243\" data-token-time=\"1776140686\"><noscript class=\"wpforms-error-noscript\">Veuillez activer JavaScript dans votre navigateur pour remplir ce formulaire.<\/noscript><\/p>\n<div id=\"wpforms-error-noscript\" style=\"display: none;\">Veuillez activer JavaScript dans votre navigateur pour remplir ce formulaire.<\/div>\n<div class=\"wpforms-field-container\">\n<div id=\"wpforms-1537-field_4-container\" class=\"wpforms-field wpforms-field-name\" data-field-id=\"4\"><label class=\"wpforms-field-label\" for=\"wpforms-1537-field_4\">Name <span class=\"wpforms-required-label\" aria-hidden=\"true\">*<\/span><\/label><input type=\"text\" id=\"wpforms-1537-field_4\" class=\"wpforms-field-large wpforms-field-required\" name=\"wpforms[fields][4]\" placeholder=\"Your name\" aria-errormessage=\"wpforms-1537-field_4-error\" required><\/div>\n<div id=\"wpforms-1537-field_1-container\" class=\"wpforms-field wpforms-field-name\" data-field-id=\"1\"><label class=\"wpforms-field-label\" for=\"wpforms-1537-field_1\">Last name <span class=\"wpforms-required-label\" aria-hidden=\"true\">*<\/span><\/label><input type=\"text\" id=\"wpforms-1537-field_1\" class=\"wpforms-field-large wpforms-field-required\" name=\"wpforms[fields][1]\" placeholder=\"Your last name\" aria-errormessage=\"wpforms-1537-field_1-error\" required><\/div>\n<div id=\"wpforms-1537-field_2-container\" class=\"wpforms-field wpforms-field-email\" data-field-id=\"2\"><label class=\"wpforms-field-label\" for=\"wpforms-1537-field_2\">Email <span class=\"wpforms-required-label\" aria-hidden=\"true\">*<\/span><\/label><input type=\"email\" id=\"wpforms-1537-field_2\" class=\"wpforms-field-large wpforms-field-required\" name=\"wpforms[fields][2]\" placeholder=\"Your email address\" spellcheck=\"false\" aria-errormessage=\"wpforms-1537-field_2-error\" required><\/div>\n<div id=\"wpforms-1537-field_5-container\"\n\t\t\tclass=\"wpforms-field wpforms-field-text\"\n\t\t\tdata-field-type=\"text\"\n\t\t\tdata-field-id=\"5\"\n\t\t\t><br \/>\n\t\t\t<label class=\"wpforms-field-label\" for=\"wpforms-1537-field_5\" >Name name Last<\/label><br \/>\n\t\t\t<input type=\"text\" id=\"wpforms-1537-field_5\" class=\"wpforms-field-medium\" name=\"wpforms[fields][5]\" >\n\t\t<\/div>\n<div id=\"wpforms-1537-field_3-container\" class=\"wpforms-field wpforms-field-textarea\" data-field-id=\"3\"><label class=\"wpforms-field-label\" for=\"wpforms-1537-field_3\">Message <span class=\"wpforms-required-label\" aria-hidden=\"true\">*<\/span><\/label><textarea id=\"wpforms-1537-field_3\" class=\"wpforms-field-medium wpforms-field-required\" name=\"wpforms[fields][3]\" placeholder=\"Enter your message\" aria-errormessage=\"wpforms-1537-field_3-error\" required><\/textarea><\/div>\n<p><script>\n\t\t\t\t( function() {\n\t\t\t\t\tconst style = document.createElement( 'style' );\n\t\t\t\t\tstyle.appendChild( document.createTextNode( '#wpforms-1537-field_5-container { position: absolute !important; overflow: hidden !important; display: inline !important; height: 1px !important; width: 1px !important; z-index: -1000 !important; padding: 0 !important; } #wpforms-1537-field_5-container input { visibility: hidden; } #wpforms-conversational-form-page #wpforms-1537-field_5-container label { counter-increment: none; }' ) );\n\t\t\t\t\tdocument.head.appendChild( style );\n\t\t\t\t\tdocument.currentScript?.remove();\n\t\t\t\t} )();\n\t\t\t<\/script><\/div>\n<p><!-- .wpforms-field-container --><\/p>\n<div class=\"wpforms-submit-container\" ><input type=\"hidden\" name=\"wpforms[id]\" value=\"1537\"><input type=\"hidden\" name=\"page_title\" value=\"\"><input type=\"hidden\" name=\"page_url\" value=\"https:\/\/azulejo-studio.com\/fr\/wp-json\/wp\/v2\/product\/2032\"><input type=\"hidden\" name=\"url_referer\" value=\"\"><button type=\"submit\" name=\"wpforms[submit]\" id=\"wpforms-submit-1537\" class=\"wpforms-submit\" data-alt-text=\"Sending...\" data-submit-text=\"Send\" aria-live=\"assertive\" value=\"wpforms-submit\">Send<\/button><img decoding=\"async\" src=\"https:\/\/azulejo-studio.com\/wp-content\/plugins\/wpforms\/assets\/images\/submit-spin.svg\" class=\"wpforms-submit-spinner\" style=\"display: none;\" width=\"26\" height=\"26\" alt=\"Chargement en cours\"><\/div>\n<\/form>\n<\/div>\n<p>  <!-- .wpforms-container --><\/p>\n","protected":false},"featured_media":2044,"template":"","meta":{"site-sidebar-layout":"default","site-content-layout":"","ast-site-content-layout":"default","site-content-style":"default","site-sidebar-style":"default","ast-global-header-display":"","ast-banner-title-visibility":"","ast-main-header-display":"","ast-hfb-above-header-display":"","ast-hfb-below-header-display":"","ast-hfb-mobile-header-display":"","site-post-title":"","ast-breadcrumbs-content":"","ast-featured-img":"","footer-sml-layout":"","theme-transparent-header-meta":"default","adv-header-id-meta":"","stick-header-meta":"","header-above-stick-meta":"","header-main-stick-meta":"","header-below-stick-meta":"","astra-migrate-meta-layouts":"set","ast-page-background-enabled":"default","ast-page-background-meta":{"desktop":{"background-color":"var(--ast-global-color-5)","background-image":"","background-repeat":"repeat","background-position":"center center","background-size":"auto","background-attachment":"scroll","background-type":"","background-media":"","overlay-type":"","overlay-color":"","overlay-opacity":"","overlay-gradient":""},"tablet":{"background-color":"","background-image":"","background-repeat":"repeat","background-position":"center center","background-size":"auto","background-attachment":"scroll","background-type":"","background-media":"","overlay-type":"","overlay-color":"","overlay-opacity":"","overlay-gradient":""},"mobile":{"background-color":"","background-image":"","background-repeat":"repeat","background-position":"center center","background-size":"auto","background-attachment":"scroll","background-type":"","background-media":"","overlay-type":"","overlay-color":"","overlay-opacity":"","overlay-gradient":""}},"ast-content-background-meta":{"desktop":{"background-color":"var(--ast-global-color-4)","background-image":"","background-repeat":"repeat","background-position":"center center","background-size":"auto","background-attachment":"scroll","background-type":"","background-media":"","overlay-type":"","overlay-color":"","overlay-opacity":"","overlay-gradient":""},"tablet":{"background-color":"var(--ast-global-color-4)","background-image":"","background-repeat":"repeat","background-position":"center center","background-size":"auto","background-attachment":"scroll","background-type":"","background-media":"","overlay-type":"","overlay-color":"","overlay-opacity":"","overlay-gradient":""},"mobile":{"background-color":"var(--ast-global-color-4)","background-image":"","background-repeat":"repeat","background-position":"center center","background-size":"auto","background-attachment":"scroll","background-type":"","background-media":"","overlay-type":"","overlay-color":"","overlay-opacity":"","overlay-gradient":""}}},"product_brand":[],"product_cat":[15,22],"product_tag":[],"class_list":{"0":"post-2032","1":"product","2":"type-product","3":"status-publish","4":"has-post-thumbnail","6":"product_cat-all-wall-art","7":"product_cat-strata","8":"product_shipping_class-grande-oeuvre","9":"desktop-align-center","10":"tablet-align-left","11":"mobile-align-center","13":"first","14":"instock","15":"product-type-simple","16":"wpzoom-wc-spi-has-enabled"},"yoast_head":"<!-- This site is optimized with the Yoast SEO plugin v26.1.1 - https:\/\/yoast.com\/wordpress\/plugins\/seo\/ -->\n<title>STRATA 043 - azulejo-studio.com<\/title>\n<meta name=\"description\" content=\"D\u00e9core tes murs et donne leur du caract\u00e8re avec les oeuvres Azulejo Studio. 100% fabriqu\u00e9 ici \u00e0 Montr\u00e9al. Possibilit\u00e9 de faire du sur-mesure.\" \/>\n<meta name=\"robots\" content=\"index, follow, max-snippet:-1, max-image-preview:large, max-video-preview:-1\" \/>\n<link rel=\"canonical\" href=\"https:\/\/azulejo-studio.com\/fr\/produit\/strata-043\/\" \/>\n<meta property=\"og:locale\" content=\"fr_FR\" \/>\n<meta property=\"og:type\" content=\"article\" \/>\n<meta property=\"og:title\" content=\"STRATA 043 - azulejo-studio.com\" \/>\n<meta property=\"og:description\" content=\"D\u00e9core tes murs et donne leur du caract\u00e8re avec les oeuvres Azulejo Studio. 100% fabriqu\u00e9 ici \u00e0 Montr\u00e9al. Possibilit\u00e9 de faire du sur-mesure.\" \/>\n<meta property=\"og:url\" content=\"https:\/\/azulejo-studio.com\/fr\/produit\/strata-043\/\" \/>\n<meta property=\"og:site_name\" content=\"azulejo-studio.com\" \/>\n<meta property=\"article:modified_time\" content=\"2026-03-25T01:55:06+00:00\" \/>\n<meta property=\"og:image\" content=\"http:\/\/azulejo-studio.com\/wp-content\/uploads\/2026\/03\/Capture-decran-2026-03-23-a-13.22.46.png\" \/>\n\t<meta property=\"og:image:width\" content=\"804\" \/>\n\t<meta property=\"og:image:height\" content=\"1010\" \/>\n\t<meta property=\"og:image:type\" content=\"image\/png\" \/>\n<meta name=\"twitter:card\" content=\"summary_large_image\" \/>\n<meta name=\"twitter:label1\" content=\"Dur\u00e9e de lecture estim\u00e9e\" \/>\n\t<meta name=\"twitter:data1\" content=\"1 minute\" \/>\n<script type=\"application\/ld+json\" class=\"yoast-schema-graph\">{\"@context\":\"https:\/\/schema.org\",\"@graph\":[{\"@type\":\"WebPage\",\"@id\":\"https:\/\/azulejo-studio.com\/product\/strata-043\/\",\"url\":\"https:\/\/azulejo-studio.com\/product\/strata-043\/\",\"name\":\"STRATA 043 - azulejo-studio.com\",\"isPartOf\":{\"@id\":\"https:\/\/azulejo-studio.com\/fr\/#website\"},\"primaryImageOfPage\":{\"@id\":\"https:\/\/azulejo-studio.com\/product\/strata-043\/#primaryimage\"},\"image\":{\"@id\":\"https:\/\/azulejo-studio.com\/product\/strata-043\/#primaryimage\"},\"thumbnailUrl\":\"https:\/\/azulejo-studio.com\/wp-content\/uploads\/2026\/03\/Capture-decran-2026-03-23-a-13.22.46.png\",\"datePublished\":\"2026-03-23T17:01:25+00:00\",\"dateModified\":\"2026-03-25T01:55:06+00:00\",\"description\":\"D\u00e9core tes murs et donne leur du caract\u00e8re avec les oeuvres Azulejo Studio. 100% fabriqu\u00e9 ici \u00e0 Montr\u00e9al. Possibilit\u00e9 de faire du sur-mesure.\",\"breadcrumb\":{\"@id\":\"https:\/\/azulejo-studio.com\/product\/strata-043\/#breadcrumb\"},\"inLanguage\":\"fr-FR\",\"potentialAction\":[{\"@type\":\"ReadAction\",\"target\":[\"https:\/\/azulejo-studio.com\/product\/strata-043\/\"]}]},{\"@type\":\"ImageObject\",\"inLanguage\":\"fr-FR\",\"@id\":\"https:\/\/azulejo-studio.com\/product\/strata-043\/#primaryimage\",\"url\":\"https:\/\/azulejo-studio.com\/wp-content\/uploads\/2026\/03\/Capture-decran-2026-03-23-a-13.22.46.png\",\"contentUrl\":\"https:\/\/azulejo-studio.com\/wp-content\/uploads\/2026\/03\/Capture-decran-2026-03-23-a-13.22.46.png\",\"width\":804,\"height\":1010},{\"@type\":\"BreadcrumbList\",\"@id\":\"https:\/\/azulejo-studio.com\/product\/strata-043\/#breadcrumb\",\"itemListElement\":[{\"@type\":\"ListItem\",\"position\":1,\"name\":\"Home\",\"item\":\"https:\/\/azulejo-studio.com\/\"},{\"@type\":\"ListItem\",\"position\":2,\"name\":\"WALL ART\",\"item\":\"https:\/\/azulejo-studio.com\/wall-art\/\"},{\"@type\":\"ListItem\",\"position\":3,\"name\":\"STRATA 043\"}]},{\"@type\":\"WebSite\",\"@id\":\"https:\/\/azulejo-studio.com\/fr\/#website\",\"url\":\"https:\/\/azulejo-studio.com\/fr\/\",\"name\":\"azulejo-studio.com\",\"description\":\"\",\"publisher\":{\"@id\":\"https:\/\/azulejo-studio.com\/fr\/#organization\"},\"potentialAction\":[{\"@type\":\"SearchAction\",\"target\":{\"@type\":\"EntryPoint\",\"urlTemplate\":\"https:\/\/azulejo-studio.com\/fr\/?s={search_term_string}\"},\"query-input\":{\"@type\":\"PropertyValueSpecification\",\"valueRequired\":true,\"valueName\":\"search_term_string\"}}],\"inLanguage\":\"fr-FR\"},{\"@type\":\"Organization\",\"@id\":\"https:\/\/azulejo-studio.com\/fr\/#organization\",\"name\":\"azulejo-studio.com\",\"url\":\"https:\/\/azulejo-studio.com\/fr\/\",\"logo\":{\"@type\":\"ImageObject\",\"inLanguage\":\"fr-FR\",\"@id\":\"https:\/\/azulejo-studio.com\/fr\/#\/schema\/logo\/image\/\",\"url\":\"https:\/\/azulejo-studio.com\/wp-content\/uploads\/2025\/04\/logo-transparent-e1755461747933.png\",\"contentUrl\":\"https:\/\/azulejo-studio.com\/wp-content\/uploads\/2025\/04\/logo-transparent-e1755461747933.png\",\"width\":181,\"height\":151,\"caption\":\"azulejo-studio.com\"},\"image\":{\"@id\":\"https:\/\/azulejo-studio.com\/fr\/#\/schema\/logo\/image\/\"}}]}<\/script>\n<!-- \/ Yoast SEO plugin. -->","yoast_head_json":{"title":"STRATA 043 - azulejo-studio.com","description":"D\u00e9core tes murs et donne leur du caract\u00e8re avec les oeuvres Azulejo Studio. 100% fabriqu\u00e9 ici \u00e0 Montr\u00e9al. Possibilit\u00e9 de faire du sur-mesure.","robots":{"index":"index","follow":"follow","max-snippet":"max-snippet:-1","max-image-preview":"max-image-preview:large","max-video-preview":"max-video-preview:-1"},"canonical":"https:\/\/azulejo-studio.com\/fr\/produit\/strata-043\/","og_locale":"fr_FR","og_type":"article","og_title":"STRATA 043 - azulejo-studio.com","og_description":"D\u00e9core tes murs et donne leur du caract\u00e8re avec les oeuvres Azulejo Studio. 100% fabriqu\u00e9 ici \u00e0 Montr\u00e9al. Possibilit\u00e9 de faire du sur-mesure.","og_url":"https:\/\/azulejo-studio.com\/fr\/produit\/strata-043\/","og_site_name":"azulejo-studio.com","article_modified_time":"2026-03-25T01:55:06+00:00","og_image":[{"width":804,"height":1010,"url":"http:\/\/azulejo-studio.com\/wp-content\/uploads\/2026\/03\/Capture-decran-2026-03-23-a-13.22.46.png","type":"image\/png"}],"twitter_card":"summary_large_image","twitter_misc":{"Dur\u00e9e de lecture estim\u00e9e":"1 minute"},"schema":{"@context":"https:\/\/schema.org","@graph":[{"@type":"WebPage","@id":"https:\/\/azulejo-studio.com\/product\/strata-043\/","url":"https:\/\/azulejo-studio.com\/product\/strata-043\/","name":"STRATA 043 - azulejo-studio.com","isPartOf":{"@id":"https:\/\/azulejo-studio.com\/fr\/#website"},"primaryImageOfPage":{"@id":"https:\/\/azulejo-studio.com\/product\/strata-043\/#primaryimage"},"image":{"@id":"https:\/\/azulejo-studio.com\/product\/strata-043\/#primaryimage"},"thumbnailUrl":"https:\/\/azulejo-studio.com\/wp-content\/uploads\/2026\/03\/Capture-decran-2026-03-23-a-13.22.46.png","datePublished":"2026-03-23T17:01:25+00:00","dateModified":"2026-03-25T01:55:06+00:00","description":"D\u00e9core tes murs et donne leur du caract\u00e8re avec les oeuvres Azulejo Studio. 100% fabriqu\u00e9 ici \u00e0 Montr\u00e9al. Possibilit\u00e9 de faire du sur-mesure.","breadcrumb":{"@id":"https:\/\/azulejo-studio.com\/product\/strata-043\/#breadcrumb"},"inLanguage":"fr-FR","potentialAction":[{"@type":"ReadAction","target":["https:\/\/azulejo-studio.com\/product\/strata-043\/"]}]},{"@type":"ImageObject","inLanguage":"fr-FR","@id":"https:\/\/azulejo-studio.com\/product\/strata-043\/#primaryimage","url":"https:\/\/azulejo-studio.com\/wp-content\/uploads\/2026\/03\/Capture-decran-2026-03-23-a-13.22.46.png","contentUrl":"https:\/\/azulejo-studio.com\/wp-content\/uploads\/2026\/03\/Capture-decran-2026-03-23-a-13.22.46.png","width":804,"height":1010},{"@type":"BreadcrumbList","@id":"https:\/\/azulejo-studio.com\/product\/strata-043\/#breadcrumb","itemListElement":[{"@type":"ListItem","position":1,"name":"Home","item":"https:\/\/azulejo-studio.com\/"},{"@type":"ListItem","position":2,"name":"WALL ART","item":"https:\/\/azulejo-studio.com\/wall-art\/"},{"@type":"ListItem","position":3,"name":"STRATA 043"}]},{"@type":"WebSite","@id":"https:\/\/azulejo-studio.com\/fr\/#website","url":"https:\/\/azulejo-studio.com\/fr\/","name":"azulejo-studio.com","description":"","publisher":{"@id":"https:\/\/azulejo-studio.com\/fr\/#organization"},"potentialAction":[{"@type":"SearchAction","target":{"@type":"EntryPoint","urlTemplate":"https:\/\/azulejo-studio.com\/fr\/?s={search_term_string}"},"query-input":{"@type":"PropertyValueSpecification","valueRequired":true,"valueName":"search_term_string"}}],"inLanguage":"fr-FR"},{"@type":"Organization","@id":"https:\/\/azulejo-studio.com\/fr\/#organization","name":"azulejo-studio.com","url":"https:\/\/azulejo-studio.com\/fr\/","logo":{"@type":"ImageObject","inLanguage":"fr-FR","@id":"https:\/\/azulejo-studio.com\/fr\/#\/schema\/logo\/image\/","url":"https:\/\/azulejo-studio.com\/wp-content\/uploads\/2025\/04\/logo-transparent-e1755461747933.png","contentUrl":"https:\/\/azulejo-studio.com\/wp-content\/uploads\/2025\/04\/logo-transparent-e1755461747933.png","width":181,"height":151,"caption":"azulejo-studio.com"},"image":{"@id":"https:\/\/azulejo-studio.com\/fr\/#\/schema\/logo\/image\/"}}]}},"_links":{"self":[{"href":"https:\/\/azulejo-studio.com\/fr\/wp-json\/wp\/v2\/product\/2032","targetHints":{"allow":["GET"]}}],"collection":[{"href":"https:\/\/azulejo-studio.com\/fr\/wp-json\/wp\/v2\/product"}],"about":[{"href":"https:\/\/azulejo-studio.com\/fr\/wp-json\/wp\/v2\/types\/product"}],"version-history":[{"count":3,"href":"https:\/\/azulejo-studio.com\/fr\/wp-json\/wp\/v2\/product\/2032\/revisions"}],"predecessor-version":[{"id":2067,"href":"https:\/\/azulejo-studio.com\/fr\/wp-json\/wp\/v2\/product\/2032\/revisions\/2067"}],"wp:featuredmedia":[{"embeddable":true,"href":"https:\/\/azulejo-studio.com\/fr\/wp-json\/wp\/v2\/media\/2044"}],"wp:attachment":[{"href":"https:\/\/azulejo-studio.com\/fr\/wp-json\/wp\/v2\/media?parent=2032"}],"wp:term":[{"taxonomy":"product_brand","embeddable":true,"href":"https:\/\/azulejo-studio.com\/fr\/wp-json\/wp\/v2\/product_brand?post=2032"},{"taxonomy":"product_cat","embeddable":true,"href":"https:\/\/azulejo-studio.com\/fr\/wp-json\/wp\/v2\/product_cat?post=2032"},{"taxonomy":"product_tag","embeddable":true,"href":"https:\/\/azulejo-studio.com\/fr\/wp-json\/wp\/v2\/product_tag?post=2032"}],"curies":[{"name":"wp","href":"https:\/\/api.w.org\/{rel}","templated":true}]}}