{"id":760,"date":"2025-04-25T18:39:21","date_gmt":"2025-04-25T18:39:21","guid":{"rendered":"https:\/\/azulejo-studio.com\/?post_type=product&#038;p=760"},"modified":"2026-03-21T13:14:10","modified_gmt":"2026-03-21T13:14:10","slug":"chrome-balloon-dog","status":"publish","type":"product","link":"https:\/\/azulejo-studio.com\/fr\/produit\/chrome-balloon-dog\/","title":{"rendered":"Chrome balloon Dog"},"content":{"rendered":"","protected":false},"excerpt":{"rendered":"<p style=\"text-align: justify;\"><span style=\"font-weight: 400;\"><span style=\"font-weight: 400; color: #333333;\">Disponible sur demande<\/span><\/span><\/p>\n<p style=\"text-align: justify;\"><span style=\"font-weight: 400;\">A symbol of lightness and modernity, <\/span><i><span style=\"font-weight: 400;\">Chrome Balloon Dog<\/span><\/i><span style=\"font-weight: 400;\"> reinterprets the iconic balloon dog in an artistic, bold, and refined version. Entirely hand-painted, this piece creates the illusion of a luminous chrome effect, where reflections blend seamlessly into the texture to evoke the elegance of contemporary sculpture. Playful yet sophisticated, it\u2019s the perfect statement piece for a modern interior \u2014 somewhere between pop art and minimalist design.<\/span><\/p>\n<p class=\"\" style=\"text-align: justify;\" data-start=\"143\" data-end=\"580\"><b>DIMENSIONS :<\/b><span style=\"font-weight: 400;\"> 10 x 10 pouces<\/span><span style=\"font-weight: 400;\"><br \/>\n<\/span> <b>MAT\u00c9RIEL :<\/b><span style=\"font-weight: 400;\"> Acrylic paint on canvas<\/span><span style=\"font-weight: 400;\"><br \/>\n<\/span> <b>NUANCE :<\/b><span style=\"font-weight: 400;\"> Silver chrome illusion<\/span><\/p>\n<p class=\"\" style=\"text-align: justify;\" data-start=\"143\" data-end=\"580\"><span style=\"font-weight: 400;\"> Pour toute demande d\u2019\u0153uvre sur mesure, inspir\u00e9e de cette nuance ou de ce relief, ou si celle-ci n\u2019est plus disponible, contactez-nous.<\/span><span style=\"font-weight: 400;\"><br \/>\n<\/span><span style=\"font-weight: 400;\"> Chaque cr\u00e9ation Azulejo est singuli\u00e8re, r\u00e9alis\u00e9e \u00e0 la main avec soin et intention.<\/span><\/p>","protected":false},"featured_media":761,"template":"","meta":{"site-sidebar-layout":"default","site-content-layout":"","ast-site-content-layout":"default","site-content-style":"default","site-sidebar-style":"default","ast-global-header-display":"","ast-banner-title-visibility":"","ast-main-header-display":"","ast-hfb-above-header-display":"","ast-hfb-below-header-display":"","ast-hfb-mobile-header-display":"","site-post-title":"","ast-breadcrumbs-content":"","ast-featured-img":"","footer-sml-layout":"","theme-transparent-header-meta":"default","adv-header-id-meta":"","stick-header-meta":"","header-above-stick-meta":"","header-main-stick-meta":"","header-below-stick-meta":"","astra-migrate-meta-layouts":"set","ast-page-background-enabled":"default","ast-page-background-meta":{"desktop":{"background-color":"var(--ast-global-color-5)","background-image":"","background-repeat":"repeat","background-position":"center center","background-size":"auto","background-attachment":"scroll","background-type":"","background-media":"","overlay-type":"","overlay-color":"","overlay-opacity":"","overlay-gradient":""},"tablet":{"background-color":"","background-image":"","background-repeat":"repeat","background-position":"center center","background-size":"auto","background-attachment":"scroll","background-type":"","background-media":"","overlay-type":"","overlay-color":"","overlay-opacity":"","overlay-gradient":""},"mobile":{"background-color":"","background-image":"","background-repeat":"repeat","background-position":"center center","background-size":"auto","background-attachment":"scroll","background-type":"","background-media":"","overlay-type":"","overlay-color":"","overlay-opacity":"","overlay-gradient":""}},"ast-content-background-meta":{"desktop":{"background-color":"var(--ast-global-color-4)","background-image":"","background-repeat":"repeat","background-position":"center center","background-size":"auto","background-attachment":"scroll","background-type":"","background-media":"","overlay-type":"","overlay-color":"","overlay-opacity":"","overlay-gradient":""},"tablet":{"background-color":"var(--ast-global-color-4)","background-image":"","background-repeat":"repeat","background-position":"center center","background-size":"auto","background-attachment":"scroll","background-type":"","background-media":"","overlay-type":"","overlay-color":"","overlay-opacity":"","overlay-gradient":""},"mobile":{"background-color":"var(--ast-global-color-4)","background-image":"","background-repeat":"repeat","background-position":"center center","background-size":"auto","background-attachment":"scroll","background-type":"","background-media":"","overlay-type":"","overlay-color":"","overlay-opacity":"","overlay-gradient":""}}},"product_brand":[],"product_cat":[15],"product_tag":[],"class_list":{"0":"post-760","1":"product","2":"type-product","3":"status-publish","4":"has-post-thumbnail","6":"product_cat-all-wall-art","7":"product_shipping_class-petite-oeuvre","8":"desktop-align-center","9":"tablet-align-left","10":"mobile-align-center","12":"first","13":"instock","14":"product-type-simple","15":"wpzoom-wc-spi-has-enabled"},"yoast_head":"<!-- This site is optimized with the Yoast SEO plugin v26.1.1 - https:\/\/yoast.com\/wordpress\/plugins\/seo\/ -->\n<title>Chrome balloon Dog - azulejo-studio.com<\/title>\n<meta name=\"description\" content=\"D\u00e9couvrez nos peintures Azulejo, des \u0153uvres faites main \u00e0 Montr\u00e9al, alliant art moderne et d\u00e9coration int\u00e9rieure unique. Possibilit\u00e9 de commande sur-mesure.\" \/>\n<meta name=\"robots\" content=\"index, follow, max-snippet:-1, max-image-preview:large, max-video-preview:-1\" \/>\n<link rel=\"canonical\" href=\"https:\/\/azulejo-studio.com\/fr\/produit\/chrome-balloon-dog\/\" \/>\n<meta property=\"og:locale\" content=\"fr_FR\" \/>\n<meta property=\"og:type\" content=\"article\" \/>\n<meta property=\"og:title\" content=\"Chrome balloon Dog - azulejo-studio.com\" \/>\n<meta property=\"og:description\" content=\"D\u00e9couvrez nos peintures Azulejo, des \u0153uvres faites main \u00e0 Montr\u00e9al, alliant art moderne et d\u00e9coration int\u00e9rieure unique. Possibilit\u00e9 de commande sur-mesure.\" \/>\n<meta property=\"og:url\" content=\"https:\/\/azulejo-studio.com\/fr\/produit\/chrome-balloon-dog\/\" \/>\n<meta property=\"og:site_name\" content=\"azulejo-studio.com\" \/>\n<meta property=\"article:modified_time\" content=\"2026-03-21T13:14:10+00:00\" \/>\n<meta property=\"og:image\" content=\"http:\/\/azulejo-studio.com\/wp-content\/uploads\/2025\/04\/insta-1.png\" \/>\n\t<meta property=\"og:image:width\" content=\"1080\" \/>\n\t<meta property=\"og:image:height\" content=\"1350\" \/>\n\t<meta property=\"og:image:type\" content=\"image\/png\" \/>\n<meta name=\"twitter:card\" content=\"summary_large_image\" \/>\n<meta name=\"twitter:label1\" content=\"Dur\u00e9e de lecture estim\u00e9e\" \/>\n\t<meta name=\"twitter:data1\" content=\"1 minute\" \/>\n<script type=\"application\/ld+json\" class=\"yoast-schema-graph\">{\"@context\":\"https:\/\/schema.org\",\"@graph\":[{\"@type\":\"WebPage\",\"@id\":\"https:\/\/azulejo-studio.com\/product\/chrome-balloon-dog\/\",\"url\":\"https:\/\/azulejo-studio.com\/product\/chrome-balloon-dog\/\",\"name\":\"Chrome balloon Dog - azulejo-studio.com\",\"isPartOf\":{\"@id\":\"https:\/\/azulejo-studio.com\/fr\/#website\"},\"primaryImageOfPage\":{\"@id\":\"https:\/\/azulejo-studio.com\/product\/chrome-balloon-dog\/#primaryimage\"},\"image\":{\"@id\":\"https:\/\/azulejo-studio.com\/product\/chrome-balloon-dog\/#primaryimage\"},\"thumbnailUrl\":\"https:\/\/azulejo-studio.com\/wp-content\/uploads\/2025\/04\/insta-1.png\",\"datePublished\":\"2025-04-25T18:39:21+00:00\",\"dateModified\":\"2026-03-21T13:14:10+00:00\",\"description\":\"D\u00e9couvrez nos peintures Azulejo, des \u0153uvres faites main \u00e0 Montr\u00e9al, alliant art moderne et d\u00e9coration int\u00e9rieure unique. Possibilit\u00e9 de commande sur-mesure.\",\"breadcrumb\":{\"@id\":\"https:\/\/azulejo-studio.com\/product\/chrome-balloon-dog\/#breadcrumb\"},\"inLanguage\":\"fr-FR\",\"potentialAction\":[{\"@type\":\"ReadAction\",\"target\":[\"https:\/\/azulejo-studio.com\/product\/chrome-balloon-dog\/\"]}]},{\"@type\":\"ImageObject\",\"inLanguage\":\"fr-FR\",\"@id\":\"https:\/\/azulejo-studio.com\/product\/chrome-balloon-dog\/#primaryimage\",\"url\":\"https:\/\/azulejo-studio.com\/wp-content\/uploads\/2025\/04\/insta-1.png\",\"contentUrl\":\"https:\/\/azulejo-studio.com\/wp-content\/uploads\/2025\/04\/insta-1.png\",\"width\":1080,\"height\":1350},{\"@type\":\"BreadcrumbList\",\"@id\":\"https:\/\/azulejo-studio.com\/product\/chrome-balloon-dog\/#breadcrumb\",\"itemListElement\":[{\"@type\":\"ListItem\",\"position\":1,\"name\":\"Home\",\"item\":\"https:\/\/azulejo-studio.com\/\"},{\"@type\":\"ListItem\",\"position\":2,\"name\":\"WALL ART\",\"item\":\"https:\/\/azulejo-studio.com\/wall-art\/\"},{\"@type\":\"ListItem\",\"position\":3,\"name\":\"Chrome balloon Dog\"}]},{\"@type\":\"WebSite\",\"@id\":\"https:\/\/azulejo-studio.com\/fr\/#website\",\"url\":\"https:\/\/azulejo-studio.com\/fr\/\",\"name\":\"azulejo-studio.com\",\"description\":\"\",\"publisher\":{\"@id\":\"https:\/\/azulejo-studio.com\/fr\/#organization\"},\"potentialAction\":[{\"@type\":\"SearchAction\",\"target\":{\"@type\":\"EntryPoint\",\"urlTemplate\":\"https:\/\/azulejo-studio.com\/fr\/?s={search_term_string}\"},\"query-input\":{\"@type\":\"PropertyValueSpecification\",\"valueRequired\":true,\"valueName\":\"search_term_string\"}}],\"inLanguage\":\"fr-FR\"},{\"@type\":\"Organization\",\"@id\":\"https:\/\/azulejo-studio.com\/fr\/#organization\",\"name\":\"azulejo-studio.com\",\"url\":\"https:\/\/azulejo-studio.com\/fr\/\",\"logo\":{\"@type\":\"ImageObject\",\"inLanguage\":\"fr-FR\",\"@id\":\"https:\/\/azulejo-studio.com\/fr\/#\/schema\/logo\/image\/\",\"url\":\"https:\/\/azulejo-studio.com\/wp-content\/uploads\/2025\/04\/logo-transparent-e1755461747933.png\",\"contentUrl\":\"https:\/\/azulejo-studio.com\/wp-content\/uploads\/2025\/04\/logo-transparent-e1755461747933.png\",\"width\":181,\"height\":151,\"caption\":\"azulejo-studio.com\"},\"image\":{\"@id\":\"https:\/\/azulejo-studio.com\/fr\/#\/schema\/logo\/image\/\"}}]}<\/script>\n<!-- \/ Yoast SEO plugin. -->","yoast_head_json":{"title":"Chrome balloon Dog - azulejo-studio.com","description":"D\u00e9couvrez nos peintures Azulejo, des \u0153uvres faites main \u00e0 Montr\u00e9al, alliant art moderne et d\u00e9coration int\u00e9rieure unique. Possibilit\u00e9 de commande sur-mesure.","robots":{"index":"index","follow":"follow","max-snippet":"max-snippet:-1","max-image-preview":"max-image-preview:large","max-video-preview":"max-video-preview:-1"},"canonical":"https:\/\/azulejo-studio.com\/fr\/produit\/chrome-balloon-dog\/","og_locale":"fr_FR","og_type":"article","og_title":"Chrome balloon Dog - azulejo-studio.com","og_description":"D\u00e9couvrez nos peintures Azulejo, des \u0153uvres faites main \u00e0 Montr\u00e9al, alliant art moderne et d\u00e9coration int\u00e9rieure unique. Possibilit\u00e9 de commande sur-mesure.","og_url":"https:\/\/azulejo-studio.com\/fr\/produit\/chrome-balloon-dog\/","og_site_name":"azulejo-studio.com","article_modified_time":"2026-03-21T13:14:10+00:00","og_image":[{"width":1080,"height":1350,"url":"http:\/\/azulejo-studio.com\/wp-content\/uploads\/2025\/04\/insta-1.png","type":"image\/png"}],"twitter_card":"summary_large_image","twitter_misc":{"Dur\u00e9e de lecture estim\u00e9e":"1 minute"},"schema":{"@context":"https:\/\/schema.org","@graph":[{"@type":"WebPage","@id":"https:\/\/azulejo-studio.com\/product\/chrome-balloon-dog\/","url":"https:\/\/azulejo-studio.com\/product\/chrome-balloon-dog\/","name":"Chrome balloon Dog - azulejo-studio.com","isPartOf":{"@id":"https:\/\/azulejo-studio.com\/fr\/#website"},"primaryImageOfPage":{"@id":"https:\/\/azulejo-studio.com\/product\/chrome-balloon-dog\/#primaryimage"},"image":{"@id":"https:\/\/azulejo-studio.com\/product\/chrome-balloon-dog\/#primaryimage"},"thumbnailUrl":"https:\/\/azulejo-studio.com\/wp-content\/uploads\/2025\/04\/insta-1.png","datePublished":"2025-04-25T18:39:21+00:00","dateModified":"2026-03-21T13:14:10+00:00","description":"D\u00e9couvrez nos peintures Azulejo, des \u0153uvres faites main \u00e0 Montr\u00e9al, alliant art moderne et d\u00e9coration int\u00e9rieure unique. Possibilit\u00e9 de commande sur-mesure.","breadcrumb":{"@id":"https:\/\/azulejo-studio.com\/product\/chrome-balloon-dog\/#breadcrumb"},"inLanguage":"fr-FR","potentialAction":[{"@type":"ReadAction","target":["https:\/\/azulejo-studio.com\/product\/chrome-balloon-dog\/"]}]},{"@type":"ImageObject","inLanguage":"fr-FR","@id":"https:\/\/azulejo-studio.com\/product\/chrome-balloon-dog\/#primaryimage","url":"https:\/\/azulejo-studio.com\/wp-content\/uploads\/2025\/04\/insta-1.png","contentUrl":"https:\/\/azulejo-studio.com\/wp-content\/uploads\/2025\/04\/insta-1.png","width":1080,"height":1350},{"@type":"BreadcrumbList","@id":"https:\/\/azulejo-studio.com\/product\/chrome-balloon-dog\/#breadcrumb","itemListElement":[{"@type":"ListItem","position":1,"name":"Home","item":"https:\/\/azulejo-studio.com\/"},{"@type":"ListItem","position":2,"name":"WALL ART","item":"https:\/\/azulejo-studio.com\/wall-art\/"},{"@type":"ListItem","position":3,"name":"Chrome balloon Dog"}]},{"@type":"WebSite","@id":"https:\/\/azulejo-studio.com\/fr\/#website","url":"https:\/\/azulejo-studio.com\/fr\/","name":"azulejo-studio.com","description":"","publisher":{"@id":"https:\/\/azulejo-studio.com\/fr\/#organization"},"potentialAction":[{"@type":"SearchAction","target":{"@type":"EntryPoint","urlTemplate":"https:\/\/azulejo-studio.com\/fr\/?s={search_term_string}"},"query-input":{"@type":"PropertyValueSpecification","valueRequired":true,"valueName":"search_term_string"}}],"inLanguage":"fr-FR"},{"@type":"Organization","@id":"https:\/\/azulejo-studio.com\/fr\/#organization","name":"azulejo-studio.com","url":"https:\/\/azulejo-studio.com\/fr\/","logo":{"@type":"ImageObject","inLanguage":"fr-FR","@id":"https:\/\/azulejo-studio.com\/fr\/#\/schema\/logo\/image\/","url":"https:\/\/azulejo-studio.com\/wp-content\/uploads\/2025\/04\/logo-transparent-e1755461747933.png","contentUrl":"https:\/\/azulejo-studio.com\/wp-content\/uploads\/2025\/04\/logo-transparent-e1755461747933.png","width":181,"height":151,"caption":"azulejo-studio.com"},"image":{"@id":"https:\/\/azulejo-studio.com\/fr\/#\/schema\/logo\/image\/"}}]}},"_links":{"self":[{"href":"https:\/\/azulejo-studio.com\/fr\/wp-json\/wp\/v2\/product\/760","targetHints":{"allow":["GET"]}}],"collection":[{"href":"https:\/\/azulejo-studio.com\/fr\/wp-json\/wp\/v2\/product"}],"about":[{"href":"https:\/\/azulejo-studio.com\/fr\/wp-json\/wp\/v2\/types\/product"}],"version-history":[{"count":4,"href":"https:\/\/azulejo-studio.com\/fr\/wp-json\/wp\/v2\/product\/760\/revisions"}],"predecessor-version":[{"id":2003,"href":"https:\/\/azulejo-studio.com\/fr\/wp-json\/wp\/v2\/product\/760\/revisions\/2003"}],"wp:featuredmedia":[{"embeddable":true,"href":"https:\/\/azulejo-studio.com\/fr\/wp-json\/wp\/v2\/media\/761"}],"wp:attachment":[{"href":"https:\/\/azulejo-studio.com\/fr\/wp-json\/wp\/v2\/media?parent=760"}],"wp:term":[{"taxonomy":"product_brand","embeddable":true,"href":"https:\/\/azulejo-studio.com\/fr\/wp-json\/wp\/v2\/product_brand?post=760"},{"taxonomy":"product_cat","embeddable":true,"href":"https:\/\/azulejo-studio.com\/fr\/wp-json\/wp\/v2\/product_cat?post=760"},{"taxonomy":"product_tag","embeddable":true,"href":"https:\/\/azulejo-studio.com\/fr\/wp-json\/wp\/v2\/product_tag?post=760"}],"curies":[{"name":"wp","href":"https:\/\/api.w.org\/{rel}","templated":true}]}}